{"id":1031,"date":"2021-08-13T09:59:42","date_gmt":"2021-08-13T15:59:42","guid":{"rendered":"https:\/\/dev.alemana.iw.sv\/?page_id=1031"},"modified":"2024-08-15T11:02:32","modified_gmt":"2024-08-15T17:02:32","slug":"orientacion-vocacional","status":"publish","type":"page","link":"https:\/\/ds.edu.sv\/de\/servicios\/orientacion-vocacional\/","title":{"rendered":"Berufsberatung"},"content":{"rendered":"<div data-elementor-type=\"wp-page\" data-elementor-id=\"1031\" class=\"elementor elementor-1031\">\n\t\t\t\t\t\t<div class=\"elementor-section elementor-top-section elementor-element elementor-element-c123fe2 elementor-section-full_width elementor-section-height-min-height elementor-section-content-top elementor-section-stretched elementor-section-items-bottom elementor-section-height-default\" data-id=\"c123fe2\" data-element_type=\"section\" data-e-type=\"section\" data-settings=\"{&quot;stretch_section&quot;:&quot;section-stretched&quot;,&quot;background_background&quot;:&quot;classic&quot;}\">\n\t\t\t\t\t\t<div class=\"elementor-container elementor-column-gap-default\">\n\t\t\t\t\t<div class=\"elementor-column elementor-col-50 elementor-top-column elementor-element elementor-element-c670684\" data-id=\"c670684\" data-element_type=\"column\" data-e-type=\"column\" data-settings=\"{&quot;background_background&quot;:&quot;classic&quot;}\">\n\t\t\t<div class=\"elementor-widget-wrap elementor-element-populated\">\n\t\t\t\t\t\t<div class=\"elementor-element elementor-element-86e12c9 elementor-widget elementor-widget-heading\" data-id=\"86e12c9\" data-element_type=\"widget\" data-e-type=\"widget\" data-widget_type=\"heading.default\">\n\t\t\t\t<div class=\"elementor-widget-container\">\n\t\t\t\t\t<h2 class=\"elementor-heading-title elementor-size-default\">Berufsberatung<\/h2>\t\t\t\t<\/div>\n\t\t\t\t<\/div>\n\t\t\t\t\t<\/div>\n\t\t<\/div>\n\t\t\t\t<div class=\"elementor-column elementor-col-50 elementor-top-column elementor-element elementor-element-c9fb7db\" data-id=\"c9fb7db\" data-element_type=\"column\" data-e-type=\"column\">\n\t\t\t<div class=\"elementor-widget-wrap elementor-element-populated\">\n\t\t\t\t\t\t\t<\/div>\n\t\t<\/div>\n\t\t\t\t\t<\/div>\n\t\t<\/div>\n\t\t\t\t<section class=\"elementor-section elementor-top-section elementor-element elementor-element-84c9b99 elementor-section-boxed elementor-section-height-default elementor-section-height-default\" data-id=\"84c9b99\" data-element_type=\"section\" data-e-type=\"section\">\n\t\t\t\t\t\t<div class=\"elementor-container elementor-column-gap-default\">\n\t\t\t\t\t<div class=\"elementor-column elementor-col-100 elementor-top-column elementor-element elementor-element-0e927ca\" data-id=\"0e927ca\" data-element_type=\"column\" data-e-type=\"column\">\n\t\t\t<div class=\"elementor-widget-wrap elementor-element-populated\">\n\t\t\t\t\t\t<div class=\"elementor-element elementor-element-baaf7e6 elementor-widget elementor-widget-spacer\" data-id=\"baaf7e6\" data-element_type=\"widget\" data-e-type=\"widget\" data-widget_type=\"spacer.default\">\n\t\t\t\t<div class=\"elementor-widget-container\">\n\t\t\t\t\t\t\t<div class=\"elementor-spacer\">\n\t\t\t<div class=\"elementor-spacer-inner\"><\/div>\n\t\t<\/div>\n\t\t\t\t\t\t<\/div>\n\t\t\t\t<\/div>\n\t\t\t\t\t<\/div>\n\t\t<\/div>\n\t\t\t\t\t<\/div>\n\t\t<\/section>\n\t\t\t\t<div class=\"elementor-section elementor-top-section elementor-element elementor-element-dca0d2e elementor-section-stretched elementor-section-boxed elementor-section-height-default elementor-section-height-default\" data-id=\"dca0d2e\" data-element_type=\"section\" data-e-type=\"section\" data-settings=\"{&quot;stretch_section&quot;:&quot;section-stretched&quot;}\">\n\t\t\t\t\t\t<div class=\"elementor-container elementor-column-gap-default\">\n\t\t\t\t\t<div class=\"elementor-column elementor-col-50 elementor-top-column elementor-element elementor-element-ffbb928\" data-id=\"ffbb928\" data-element_type=\"column\" data-e-type=\"column\">\n\t\t\t<div class=\"elementor-widget-wrap elementor-element-populated\">\n\t\t\t\t\t\t<div class=\"elementor-element elementor-element-dbc0f5e elementor-widget elementor-widget-heading\" data-id=\"dbc0f5e\" data-element_type=\"widget\" data-e-type=\"widget\" data-widget_type=\"heading.default\">\n\t\t\t\t<div class=\"elementor-widget-container\">\n\t\t\t\t\t<h2 class=\"elementor-heading-title elementor-size-default\">Berufsberatung<\/h2>\t\t\t\t<\/div>\n\t\t\t\t<\/div>\n\t\t\t\t<div class=\"elementor-element elementor-element-d6191b5 elementor-widget-divider--view-line elementor-widget elementor-widget-divider\" data-id=\"d6191b5\" data-element_type=\"widget\" data-e-type=\"widget\" data-widget_type=\"divider.default\">\n\t\t\t\t<div class=\"elementor-widget-container\">\n\t\t\t\t\t\t\t<div class=\"elementor-divider\">\n\t\t\t<span class=\"elementor-divider-separator\">\n\t\t\t\t\t\t<\/span>\n\t\t<\/div>\n\t\t\t\t\t\t<\/div>\n\t\t\t\t<\/div>\n\t\t\t\t<div class=\"elementor-element elementor-element-db9ab1f elementor-widget elementor-widget-text-editor\" data-id=\"db9ab1f\" data-element_type=\"widget\" data-e-type=\"widget\" data-widget_type=\"text-editor.default\">\n\t\t\t\t<div class=\"elementor-widget-container\">\n\t\t\t\t\t\t\t\t\t<p>Die Deutsche Schule San Salvador bietet eine qualitativ hochwertige Bildung mit international anerkannten Diplomen, die ein breites Spektrum an M\u00f6glichkeiten f\u00fcr weiterf\u00fchrende Studien an Universit\u00e4ten in Deutschland und\/oder weltweit bieten. Um unseren Sch\u00fclern zu helfen, sich ihres Studienentscheidungsprozesses bewusst zu werden, wurde die Abteilung Berufsberatung eingerichtet.<\/p>\t\t\t\t\t\t\t\t<\/div>\n\t\t\t\t<\/div>\n\t\t\t\t<div class=\"elementor-element elementor-element-6791dba elementor-widget elementor-widget-heading\" data-id=\"6791dba\" data-element_type=\"widget\" data-e-type=\"widget\" data-widget_type=\"heading.default\">\n\t\t\t\t<div class=\"elementor-widget-container\">\n\t\t\t\t\t<h2 class=\"elementor-heading-title elementor-size-default\">Lerne Dich selbst kennen<\/h2>\t\t\t\t<\/div>\n\t\t\t\t<\/div>\n\t\t\t\t<div class=\"elementor-element elementor-element-ab455aa elementor-widget-divider--view-line elementor-widget elementor-widget-divider\" data-id=\"ab455aa\" data-element_type=\"widget\" data-e-type=\"widget\" data-widget_type=\"divider.default\">\n\t\t\t\t<div class=\"elementor-widget-container\">\n\t\t\t\t\t\t\t<div class=\"elementor-divider\">\n\t\t\t<span class=\"elementor-divider-separator\">\n\t\t\t\t\t\t<\/span>\n\t\t<\/div>\n\t\t\t\t\t\t<\/div>\n\t\t\t\t<\/div>\n\t\t\t\t<div class=\"elementor-element elementor-element-2f8b9e0 elementor-widget elementor-widget-text-editor\" data-id=\"2f8b9e0\" data-element_type=\"widget\" data-e-type=\"widget\" data-widget_type=\"text-editor.default\">\n\t\t\t\t<div class=\"elementor-widget-container\">\n\t\t\t\t\t\t\t\t\t<p>Einige der wichtigsten Fragen f\u00fcr Sch\u00fcler des letzten Abiturjahrs sind: Wie sieht meine Zukunft aus? Was werde ich studieren? Werde ich in meinem gew\u00e4hlten Beruf einen Arbeitsplatz finden? Wie kann ich die beste Berufsentscheidung treffen?<\/p><p>Alle Sch\u00fcler des II. Abiturjahrs nehmen am Berufsdiagnosetest teil, der einen psychologischen Test umfasst, mit dem die Interessen, Neigungen und die allgemeine Intelligenz jedes Einzelnen gemessen werden, um ihnen bei der Entscheidung zu helfen, in welchem beruflichen Bereich sie arbeiten k\u00f6nnen, um so die Entwicklung ihrer F\u00e4higkeiten und einen maximalen Erfolg in dem Arbeitsumfeld, in dem sie sich entwickeln, zu gew\u00e4hrleisten.<\/p><p>Dieser Test wird zusammen mit den Abteilungen Psychologie und Berufsberatung der Schule durchgef\u00fchrt. Den Eltern entstehen dadurch keine Kosten.<\/p>\t\t\t\t\t\t\t\t<\/div>\n\t\t\t\t<\/div>\n\t\t\t\t<div class=\"elementor-element elementor-element-4156603 elementor-align-center elementor-hidden-desktop elementor-hidden-tablet elementor-hidden-mobile elementor-widget elementor-widget-button\" data-id=\"4156603\" data-element_type=\"widget\" data-e-type=\"widget\" data-widget_type=\"button.default\">\n\t\t\t\t<div class=\"elementor-widget-container\">\n\t\t\t\t\t\t\t\t\t<div class=\"elementor-button-wrapper\">\n\t\t\t\t\t<a class=\"elementor-button elementor-button-link elementor-size-sm\" href=\"\/de\/estudiar-alemania\/\">\n\t\t\t\t\t\t<span class=\"elementor-button-content-wrapper\">\n\t\t\t\t\t\t\t\t\t<span class=\"elementor-button-text\">In Deutschland studieren<\/span>\n\t\t\t\t\t<\/span>\n\t\t\t\t\t<\/a>\n\t\t\t\t<\/div>\n\t\t\t\t\t\t\t\t<\/div>\n\t\t\t\t<\/div>\n\t\t\t\t\t<\/div>\n\t\t<\/div>\n\t\t\t\t<div class=\"elementor-column elementor-col-50 elementor-top-column elementor-element elementor-element-6223131\" data-id=\"6223131\" data-element_type=\"column\" data-e-type=\"column\">\n\t\t\t<div class=\"elementor-widget-wrap elementor-element-populated\">\n\t\t\t\t\t\t<div class=\"elementor-element elementor-element-908a620 elementor-widget elementor-widget-image\" data-id=\"908a620\" data-element_type=\"widget\" data-e-type=\"widget\" data-widget_type=\"image.default\">\n\t\t\t\t<div class=\"elementor-widget-container\">\n\t\t\t\t\t\t\t\t\t\t\t\t\t\t\t<img decoding=\"async\" width=\"150\" height=\"150\" src=\"https:\/\/ds.edu.sv\/wp-content\/uploads\/2021\/09\/Sandra20NuCC81nCC83ez.JPG-150x150.jpg\" class=\"attachment-thumbnail size-thumbnail wp-image-1412\" alt=\"Sandra\" \/>\t\t\t\t\t\t\t\t\t\t\t\t\t\t\t<\/div>\n\t\t\t\t<\/div>\n\t\t\t\t<section class=\"elementor-section elementor-inner-section elementor-element elementor-element-de51ffa card-vocacional elementor-section-boxed elementor-section-height-default elementor-section-height-default\" data-id=\"de51ffa\" data-element_type=\"section\" data-e-type=\"section\">\n\t\t\t\t\t\t<div class=\"elementor-container elementor-column-gap-default\">\n\t\t\t\t\t<div class=\"elementor-column elementor-col-100 elementor-inner-column elementor-element elementor-element-3da5035\" data-id=\"3da5035\" data-element_type=\"column\" data-e-type=\"column\">\n\t\t\t<div class=\"elementor-widget-wrap elementor-element-populated\">\n\t\t\t\t\t\t<div class=\"elementor-element elementor-element-b81e7d2 elementor-widget elementor-widget-spacer\" data-id=\"b81e7d2\" data-element_type=\"widget\" data-e-type=\"widget\" data-widget_type=\"spacer.default\">\n\t\t\t\t<div class=\"elementor-widget-container\">\n\t\t\t\t\t\t\t<div class=\"elementor-spacer\">\n\t\t\t<div class=\"elementor-spacer-inner\"><\/div>\n\t\t<\/div>\n\t\t\t\t\t\t<\/div>\n\t\t\t\t<\/div>\n\t\t\t\t<div class=\"elementor-element elementor-element-d20e853 elementor-widget elementor-widget-text-editor\" data-id=\"d20e853\" data-element_type=\"widget\" data-e-type=\"widget\" data-widget_type=\"text-editor.default\">\n\t\t\t\t<div class=\"elementor-widget-container\">\n\t\t\t\t\t\t\t\t\t<p>Hallo! Ich hei\u00dfe Sandra Nu\u00f1ez und bin Exsch\u00fclerin der Deutschen Schule, PROM 87. Ja, das ist schon einige Jahre her\u2026., trotzdem erinnere ich mich gut wie es damals war, bevor ich mein letztes Schuljahr beendete. Fragen \u00fcber Fragen!<\/p><p>Deshalb m\u00f6chte ich Sie auf dieser Seite \u00fcber Alles in Bezug auf Studium in Deutschland und weltweit informieren: Suchmaschinen f\u00fcr Studieng\u00e4nge, Stipendien und Abkommen.<\/p><p><a href=\"https:\/\/wa.me\/+50378605288\"> +503 7860 5288<\/a><a href=\"https:\/\/wa.me\/+50378605288\"><img decoding=\"async\" class=\"alignleft wp-image-1749\" src=\"https:\/\/ds.edu.sv\/wp-content\/uploads\/2021\/09\/fi_whatsapp.png\" alt=\"\" width=\"18\" height=\"18\" srcset=\"https:\/\/ds.edu.sv\/wp-content\/uploads\/2021\/09\/fi_whatsapp.png 30w, https:\/\/ds.edu.sv\/wp-content\/uploads\/2021\/09\/fi_whatsapp-12x12.png 12w\" sizes=\"(max-width: 18px) 100vw, 18px\" \/><\/a>\u00a0<\/p><p><img decoding=\"async\" class=\"alignleft wp-image-1749\" src=\"https:\/\/ds.edu.sv\/wp-content\/uploads\/2021\/09\/fi_whatsapp.png\" alt=\"\" width=\"18\" height=\"18\" srcset=\"https:\/\/ds.edu.sv\/wp-content\/uploads\/2021\/09\/fi_whatsapp.png 30w, https:\/\/ds.edu.sv\/wp-content\/uploads\/2021\/09\/fi_whatsapp-12x12.png 12w\" sizes=\"(max-width: 18px) 100vw, 18px\" \/><\/p><p><a href=\"tel:+503 2238 2105\">+503 2238 2105<\/a><\/p><p><a href=\"mailto:sandra.nunez@ds.edu.sv\"> sandra.nunez@ds.edu.sv<\/a><a href=\"mailto:sandra.nunez@ds.edu.sv\"><img decoding=\"async\" class=\"alignleft wp-image-1748\" src=\"https:\/\/ds.edu.sv\/wp-content\/uploads\/2021\/09\/fi_mail.png\" alt=\"\" width=\"18\" height=\"18\" srcset=\"https:\/\/ds.edu.sv\/wp-content\/uploads\/2021\/09\/fi_mail.png 30w, https:\/\/ds.edu.sv\/wp-content\/uploads\/2021\/09\/fi_mail-12x12.png 12w\" sizes=\"(max-width: 18px) 100vw, 18px\" \/><\/a><\/p><p><img decoding=\"async\" class=\"alignleft wp-image-1748\" src=\"https:\/\/ds.edu.sv\/wp-content\/uploads\/2021\/09\/fi_mail.png\" alt=\"\" width=\"18\" height=\"18\" srcset=\"https:\/\/ds.edu.sv\/wp-content\/uploads\/2021\/09\/fi_mail.png 30w, https:\/\/ds.edu.sv\/wp-content\/uploads\/2021\/09\/fi_mail-12x12.png 12w\" sizes=\"(max-width: 18px) 100vw, 18px\" \/><a href=\"mailto:studienberatung@ds.edu.sv\">studienberatung@ds.edu.sv<\/a><\/p>\t\t\t\t\t\t\t\t<\/div>\n\t\t\t\t<\/div>\n\t\t\t\t\t<\/div>\n\t\t<\/div>\n\t\t\t\t\t<\/div>\n\t\t<\/section>\n\t\t\t\t\t<\/div>\n\t\t<\/div>\n\t\t\t\t\t<\/div>\n\t\t<\/div>\n\t\t\t\t<section class=\"elementor-section elementor-top-section elementor-element elementor-element-4c87eda elementor-section-boxed elementor-section-height-default elementor-section-height-default\" data-id=\"4c87eda\" data-element_type=\"section\" data-e-type=\"section\">\n\t\t\t\t\t\t<div class=\"elementor-container elementor-column-gap-default\">\n\t\t\t\t\t<div class=\"elementor-column elementor-col-100 elementor-top-column elementor-element elementor-element-0c5242c\" data-id=\"0c5242c\" data-element_type=\"column\" data-e-type=\"column\">\n\t\t\t<div class=\"elementor-widget-wrap elementor-element-populated\">\n\t\t\t\t\t\t<div class=\"elementor-element elementor-element-102f66b elementor-widget elementor-widget-spacer\" data-id=\"102f66b\" data-element_type=\"widget\" data-e-type=\"widget\" data-widget_type=\"spacer.default\">\n\t\t\t\t<div class=\"elementor-widget-container\">\n\t\t\t\t\t\t\t<div class=\"elementor-spacer\">\n\t\t\t<div class=\"elementor-spacer-inner\"><\/div>\n\t\t<\/div>\n\t\t\t\t\t\t<\/div>\n\t\t\t\t<\/div>\n\t\t\t\t\t<\/div>\n\t\t<\/div>\n\t\t\t\t\t<\/div>\n\t\t<\/section>\n\t\t\t\t<\/div>","protected":false},"excerpt":{"rendered":"<p>Orientaci\u00f3n Vocacional Orientaci\u00f3n vocacional La Escuela Alemana San Salvador ofrece una educaci\u00f3n de calidad con diplomas reconocidos internacionalmente, que proporcionan una amplia gama de oportunidades para continuar estudios universitarios en [&hellip;]<\/p>","protected":false},"author":1,"featured_media":0,"parent":709,"menu_order":0,"comment_status":"closed","ping_status":"closed","template":"elementor_header_footer","meta":{"_acf_changed":false,"_monsterinsights_skip_tracking":false,"_monsterinsights_sitenote_active":false,"_monsterinsights_sitenote_note":"","_monsterinsights_sitenote_category":0,"_uf_show_specific_survey":0,"_uf_disable_surveys":false,"footnotes":""},"class_list":["post-1031","page","type-page","status-publish","hentry"],"acf":[],"_links":{"self":[{"href":"https:\/\/ds.edu.sv\/de\/wp-json\/wp\/v2\/pages\/1031","targetHints":{"allow":["GET"]}}],"collection":[{"href":"https:\/\/ds.edu.sv\/de\/wp-json\/wp\/v2\/pages"}],"about":[{"href":"https:\/\/ds.edu.sv\/de\/wp-json\/wp\/v2\/types\/page"}],"author":[{"embeddable":true,"href":"https:\/\/ds.edu.sv\/de\/wp-json\/wp\/v2\/users\/1"}],"replies":[{"embeddable":true,"href":"https:\/\/ds.edu.sv\/de\/wp-json\/wp\/v2\/comments?post=1031"}],"version-history":[{"count":249,"href":"https:\/\/ds.edu.sv\/de\/wp-json\/wp\/v2\/pages\/1031\/revisions"}],"predecessor-version":[{"id":6204,"href":"https:\/\/ds.edu.sv\/de\/wp-json\/wp\/v2\/pages\/1031\/revisions\/6204"}],"up":[{"embeddable":true,"href":"https:\/\/ds.edu.sv\/de\/wp-json\/wp\/v2\/pages\/709"}],"wp:attachment":[{"href":"https:\/\/ds.edu.sv\/de\/wp-json\/wp\/v2\/media?parent=1031"}],"curies":[{"name":"wp","href":"https:\/\/api.w.org\/{rel}","templated":true}]}}