{"id":1506,"date":"2021-09-16T15:49:37","date_gmt":"2021-09-16T21:49:37","guid":{"rendered":"https:\/\/dev.alemana.iw.sv\/?page_id=1506"},"modified":"2022-10-27T16:49:38","modified_gmt":"2022-10-27T22:49:38","slug":"instalaciones-2","status":"publish","type":"page","link":"https:\/\/ds.edu.sv\/de\/servicios\/instalaciones-2\/","title":{"rendered":"R\u00e4umlichkeiten"},"content":{"rendered":"<div data-elementor-type=\"wp-page\" data-elementor-id=\"1506\" class=\"elementor elementor-1506\">\n\t\t\t\t\t\t<div class=\"elementor-section elementor-top-section elementor-element elementor-element-dc54b1c elementor-section-height-min-height elementor-section-stretched elementor-section-items-bottom elementor-section-full_width elementor-section-height-default\" data-id=\"dc54b1c\" data-element_type=\"section\" data-e-type=\"section\" data-settings=\"{&quot;stretch_section&quot;:&quot;section-stretched&quot;,&quot;background_background&quot;:&quot;classic&quot;}\">\n\t\t\t\t\t\t<div class=\"elementor-container elementor-column-gap-default\">\n\t\t\t\t\t<div class=\"elementor-column elementor-col-50 elementor-top-column elementor-element elementor-element-b35ff5e\" data-id=\"b35ff5e\" data-element_type=\"column\" data-e-type=\"column\" data-settings=\"{&quot;background_background&quot;:&quot;classic&quot;}\">\n\t\t\t<div class=\"elementor-widget-wrap elementor-element-populated\">\n\t\t\t\t\t\t<div class=\"elementor-element elementor-element-c559ec6 elementor-widget elementor-widget-heading\" data-id=\"c559ec6\" data-element_type=\"widget\" data-e-type=\"widget\" data-widget_type=\"heading.default\">\n\t\t\t\t<div class=\"elementor-widget-container\">\n\t\t\t\t\t<h2 class=\"elementor-heading-title elementor-size-default\">R\u00e4umlichkeiten<\/h2>\t\t\t\t<\/div>\n\t\t\t\t<\/div>\n\t\t\t\t\t<\/div>\n\t\t<\/div>\n\t\t\t\t<div class=\"elementor-column elementor-col-50 elementor-top-column elementor-element elementor-element-2b0c46f\" data-id=\"2b0c46f\" data-element_type=\"column\" data-e-type=\"column\">\n\t\t\t<div class=\"elementor-widget-wrap\">\n\t\t\t\t\t\t\t<\/div>\n\t\t<\/div>\n\t\t\t\t\t<\/div>\n\t\t<\/div>\n\t\t\t\t<section class=\"elementor-section elementor-top-section elementor-element elementor-element-417f7a6 elementor-section-boxed elementor-section-height-default elementor-section-height-default\" data-id=\"417f7a6\" data-element_type=\"section\" data-e-type=\"section\">\n\t\t\t\t\t\t<div class=\"elementor-container elementor-column-gap-default\">\n\t\t\t\t\t<div class=\"elementor-column elementor-col-50 elementor-top-column elementor-element elementor-element-f86f8e3\" data-id=\"f86f8e3\" data-element_type=\"column\" data-e-type=\"column\">\n\t\t\t<div class=\"elementor-widget-wrap elementor-element-populated\">\n\t\t\t\t\t\t<div class=\"elementor-element elementor-element-05a3e8b elementor-widget elementor-widget-heading\" data-id=\"05a3e8b\" data-element_type=\"widget\" data-e-type=\"widget\" data-widget_type=\"heading.default\">\n\t\t\t\t<div class=\"elementor-widget-container\">\n\t\t\t\t\t<h2 class=\"elementor-heading-title elementor-size-default\">R\u00e4umlichkeiten<\/h2>\t\t\t\t<\/div>\n\t\t\t\t<\/div>\n\t\t\t\t\t<\/div>\n\t\t<\/div>\n\t\t\t\t<div class=\"elementor-column elementor-col-50 elementor-top-column elementor-element elementor-element-a031e83\" data-id=\"a031e83\" data-element_type=\"column\" data-e-type=\"column\">\n\t\t\t<div class=\"elementor-widget-wrap\">\n\t\t\t\t\t\t\t<\/div>\n\t\t<\/div>\n\t\t\t\t\t<\/div>\n\t\t<\/section>\n\t\t\t\t<section class=\"elementor-section elementor-top-section elementor-element elementor-element-3ad9517 elementor-section-boxed elementor-section-height-default elementor-section-height-default\" data-id=\"3ad9517\" data-element_type=\"section\" data-e-type=\"section\">\n\t\t\t\t\t\t<div class=\"elementor-container elementor-column-gap-default\">\n\t\t\t\t\t<div class=\"elementor-column elementor-col-100 elementor-top-column elementor-element elementor-element-0e7a9d1\" data-id=\"0e7a9d1\" data-element_type=\"column\" data-e-type=\"column\">\n\t\t\t<div class=\"elementor-widget-wrap elementor-element-populated\">\n\t\t\t\t\t\t<div class=\"elementor-element elementor-element-5deda28 elementor-widget elementor-widget-text-editor\" data-id=\"5deda28\" data-element_type=\"widget\" data-e-type=\"widget\" data-widget_type=\"text-editor.default\">\n\t\t\t\t<div class=\"elementor-widget-container\">\n\t\t\t\t\t\t\t\t\t<p>Die Schule verf\u00fcgt \u00fcber umfangreiche Einrichtungen und Gr\u00fcnfl\u00e4chen, darunter ein Fu\u00dfballfeld, ein Mehrzweckplatz, ein Schwimmbad, eine Sporthalle, eine Bibliothek und vier Labore f\u00fcr naturwissenschaftliche F\u00e4cher.<\/p><p>Die Klassenr\u00e4ume sind ausgestattet mit passiven Beamern und Computer. Es gibt feste und drahtlose Verbindungen f\u00fcr Internet. In einigen Klassenr\u00e4umen befinden sich auch elektronische Tafeln.<\/p><p>Den Sch\u00fclern stehen weitl\u00e4ufige Pausenbereiche mit Spielger\u00e4ten zur Verf\u00fcgung. Sie k\u00f6nnen auch Tischtennis, Basketball oder Fu\u00dfball spielen. Dar\u00fcber hinaus verf\u00fcgt die Schule \u00fcber Pausenr\u00e4ume, die von den Sch\u00fclern zum Lernen au\u00dferhalb des Unterrichts genutzt werden k\u00f6nnen. Betreffend Verpflegung verf\u00fcgt die Schule \u00fcber zwei Cafeterias und einen Kiosk.<\/p>\t\t\t\t\t\t\t\t<\/div>\n\t\t\t\t<\/div>\n\t\t\t\t<div class=\"elementor-element elementor-element-b7c7cf0 elementor-widget elementor-widget-spacer\" data-id=\"b7c7cf0\" data-element_type=\"widget\" data-e-type=\"widget\" data-widget_type=\"spacer.default\">\n\t\t\t\t<div class=\"elementor-widget-container\">\n\t\t\t\t\t\t\t<div class=\"elementor-spacer\">\n\t\t\t<div class=\"elementor-spacer-inner\"><\/div>\n\t\t<\/div>\n\t\t\t\t\t\t<\/div>\n\t\t\t\t<\/div>\n\t\t\t\t\t<\/div>\n\t\t<\/div>\n\t\t\t\t\t<\/div>\n\t\t<\/section>\n\t\t\t\t<section class=\"elementor-section elementor-top-section elementor-element elementor-element-98a5684 elementor-section-boxed elementor-section-height-default elementor-section-height-default\" data-id=\"98a5684\" data-element_type=\"section\" data-e-type=\"section\">\n\t\t\t\t\t\t<div class=\"elementor-container elementor-column-gap-default\">\n\t\t\t\t\t<div class=\"elementor-column elementor-col-100 elementor-top-column elementor-element elementor-element-7bbf96a\" data-id=\"7bbf96a\" data-element_type=\"column\" data-e-type=\"column\">\n\t\t\t<div class=\"elementor-widget-wrap elementor-element-populated\">\n\t\t\t\t\t\t<div class=\"elementor-element elementor-element-5d01237 elementor-widget elementor-widget-gallery\" data-id=\"5d01237\" data-element_type=\"widget\" data-e-type=\"widget\" data-settings=\"{&quot;overlay_title&quot;:&quot;caption&quot;,&quot;columns&quot;:3,&quot;gap&quot;:{&quot;unit&quot;:&quot;px&quot;,&quot;size&quot;:5,&quot;sizes&quot;:[]},&quot;overlay_description&quot;:&quot;description&quot;,&quot;lazyload&quot;:&quot;yes&quot;,&quot;gallery_layout&quot;:&quot;grid&quot;,&quot;columns_tablet&quot;:2,&quot;columns_mobile&quot;:1,&quot;gap_tablet&quot;:{&quot;unit&quot;:&quot;px&quot;,&quot;size&quot;:10,&quot;sizes&quot;:[]},&quot;gap_mobile&quot;:{&quot;unit&quot;:&quot;px&quot;,&quot;size&quot;:10,&quot;sizes&quot;:[]},&quot;link_to&quot;:&quot;file&quot;,&quot;aspect_ratio&quot;:&quot;3:2&quot;,&quot;overlay_background&quot;:&quot;yes&quot;,&quot;content_hover_animation&quot;:&quot;fade-in&quot;}\" data-widget_type=\"gallery.default\">\n\t\t\t\t<div class=\"elementor-widget-container\">\n\t\t\t\t\t\t\t<div class=\"elementor-gallery__container\">\n\t\t\t\t\t\t\t<a class=\"e-gallery-item elementor-gallery-item elementor-animated-content\" href=\"https:\/\/ds.edu.sv\/wp-content\/uploads\/2022\/10\/Cancha-de-fu\u0301tbol-scaled.jpg\" data-elementor-open-lightbox=\"yes\" data-elementor-lightbox-slideshow=\"all-5d01237\" data-elementor-lightbox-title=\"Cancha de fu\u0301tbol\" data-e-action-hash=\"#elementor-action%3Aaction%3Dlightbox%26settings%3DeyJpZCI6MzgxNCwidXJsIjoiaHR0cHM6XC9cL2RzLmVkdS5zdlwvd3AtY29udGVudFwvdXBsb2Fkc1wvMjAyMlwvMTBcL0NhbmNoYS1kZS1mdVx1MDMwMXRib2wtc2NhbGVkLmpwZyIsInNsaWRlc2hvdyI6ImFsbC01ZDAxMjM3In0%3D\">\n\t\t\t\t\t<div class=\"e-gallery-image elementor-gallery-item__image\" data-thumbnail=\"https:\/\/ds.edu.sv\/wp-content\/uploads\/2022\/10\/Cancha-de-fu\u0301tbol-300x169.jpg\" data-width=\"300\" data-height=\"169\" alt=\"\" ><\/div>\n\t\t\t\t\t\t\t\t\t\t\t<div class=\"elementor-gallery-item__overlay\"><\/div>\n\t\t\t\t\t\t\t\t\t\t\t\t\t\t\t<div class=\"elementor-gallery-item__content\">\n\t\t\t\t\t\t\t\t\t\t\t\t\t\t<div class=\"elementor-gallery-item__title\">\n\t\t\t\t\t\t\t\t\t\t\t\t\t\t\t\t\t\tFu\u00dfallplatz\t\t\t\t\t\t\t\t<\/div>\n\t\t\t\t\t\t\t\t\t\t\t\t<\/div>\n\t\t\t\t\t\t\t\t\t<\/a>\n\t\t\t\t\t\t\t<a class=\"e-gallery-item elementor-gallery-item elementor-animated-content\" href=\"https:\/\/ds.edu.sv\/wp-content\/uploads\/2022\/10\/Piscina.jpg\" data-elementor-open-lightbox=\"yes\" data-elementor-lightbox-slideshow=\"all-5d01237\" data-elementor-lightbox-title=\"Piscina\" data-e-action-hash=\"#elementor-action%3Aaction%3Dlightbox%26settings%3DeyJpZCI6MzgxOSwidXJsIjoiaHR0cHM6XC9cL2RzLmVkdS5zdlwvd3AtY29udGVudFwvdXBsb2Fkc1wvMjAyMlwvMTBcL1Bpc2NpbmEuanBnIiwic2xpZGVzaG93IjoiYWxsLTVkMDEyMzcifQ%3D%3D\">\n\t\t\t\t\t<div class=\"e-gallery-image elementor-gallery-item__image\" data-thumbnail=\"https:\/\/ds.edu.sv\/wp-content\/uploads\/2022\/10\/Piscina-300x225.jpg\" data-width=\"300\" data-height=\"225\" alt=\"\" ><\/div>\n\t\t\t\t\t\t\t\t\t\t\t<div class=\"elementor-gallery-item__overlay\"><\/div>\n\t\t\t\t\t\t\t\t\t\t\t\t\t\t\t<div class=\"elementor-gallery-item__content\">\n\t\t\t\t\t\t\t\t\t\t\t\t\t\t<div class=\"elementor-gallery-item__title\">\n\t\t\t\t\t\t\t\t\t\t\t\t\t\t\t\t\t\tSchwimmbad\t\t\t\t\t\t\t\t<\/div>\n\t\t\t\t\t\t\t\t\t\t\t\t<\/div>\n\t\t\t\t\t\t\t\t\t<\/a>\n\t\t\t\t\t\t\t<a class=\"e-gallery-item elementor-gallery-item elementor-animated-content\" href=\"https:\/\/ds.edu.sv\/wp-content\/uploads\/2022\/10\/Laboratorio-de-qui\u0301mica-scaled.jpg\" data-elementor-open-lightbox=\"yes\" data-elementor-lightbox-slideshow=\"all-5d01237\" data-elementor-lightbox-title=\"Laboratorio de qui\u0301mica\" data-e-action-hash=\"#elementor-action%3Aaction%3Dlightbox%26settings%3DeyJpZCI6MzgyNCwidXJsIjoiaHR0cHM6XC9cL2RzLmVkdS5zdlwvd3AtY29udGVudFwvdXBsb2Fkc1wvMjAyMlwvMTBcL0xhYm9yYXRvcmlvLWRlLXF1aVx1MDMwMW1pY2Etc2NhbGVkLmpwZyIsInNsaWRlc2hvdyI6ImFsbC01ZDAxMjM3In0%3D\">\n\t\t\t\t\t<div class=\"e-gallery-image elementor-gallery-item__image\" data-thumbnail=\"https:\/\/ds.edu.sv\/wp-content\/uploads\/2022\/10\/Laboratorio-de-qui\u0301mica-300x120.jpg\" data-width=\"300\" data-height=\"120\" alt=\"\" ><\/div>\n\t\t\t\t\t\t\t\t\t\t\t<div class=\"elementor-gallery-item__overlay\"><\/div>\n\t\t\t\t\t\t\t\t\t\t\t\t\t\t\t<div class=\"elementor-gallery-item__content\">\n\t\t\t\t\t\t\t\t\t\t\t\t\t\t<div class=\"elementor-gallery-item__title\">\n\t\t\t\t\t\t\t\t\t\t\t\t\t\t\t\t\t\tBiologie Labor\t\t\t\t\t\t\t\t<\/div>\n\t\t\t\t\t\t\t\t\t\t\t\t<\/div>\n\t\t\t\t\t\t\t\t\t<\/a>\n\t\t\t\t\t\t\t<a class=\"e-gallery-item elementor-gallery-item elementor-animated-content\" href=\"https:\/\/ds.edu.sv\/wp-content\/uploads\/2022\/10\/Centro-de-co\u0301mputo-scaled.jpg\" data-elementor-open-lightbox=\"yes\" data-elementor-lightbox-slideshow=\"all-5d01237\" data-elementor-lightbox-title=\"Centro de co\u0301mputo\" data-e-action-hash=\"#elementor-action%3Aaction%3Dlightbox%26settings%3DeyJpZCI6MzgxNSwidXJsIjoiaHR0cHM6XC9cL2RzLmVkdS5zdlwvd3AtY29udGVudFwvdXBsb2Fkc1wvMjAyMlwvMTBcL0NlbnRyby1kZS1jb1x1MDMwMW1wdXRvLXNjYWxlZC5qcGciLCJzbGlkZXNob3ciOiJhbGwtNWQwMTIzNyJ9\">\n\t\t\t\t\t<div class=\"e-gallery-image elementor-gallery-item__image\" data-thumbnail=\"https:\/\/ds.edu.sv\/wp-content\/uploads\/2022\/10\/Centro-de-co\u0301mputo-300x200.jpg\" data-width=\"300\" data-height=\"200\" alt=\"\" ><\/div>\n\t\t\t\t\t\t\t\t\t\t\t<div class=\"elementor-gallery-item__overlay\"><\/div>\n\t\t\t\t\t\t\t\t\t\t\t\t\t\t\t<div class=\"elementor-gallery-item__content\">\n\t\t\t\t\t\t\t\t\t\t\t\t\t\t<div class=\"elementor-gallery-item__title\">\n\t\t\t\t\t\t\t\t\t\t\t\t\t\t\t\t\t\tComputercenter\t\t\t\t\t\t\t\t<\/div>\n\t\t\t\t\t\t\t\t\t\t\t\t<\/div>\n\t\t\t\t\t\t\t\t\t<\/a>\n\t\t\t\t\t\t\t<a class=\"e-gallery-item elementor-gallery-item elementor-animated-content\" href=\"https:\/\/ds.edu.sv\/wp-content\/uploads\/2022\/10\/Escalada-scaled.jpg\" data-elementor-open-lightbox=\"yes\" data-elementor-lightbox-slideshow=\"all-5d01237\" data-elementor-lightbox-title=\"Escalada\" data-e-action-hash=\"#elementor-action%3Aaction%3Dlightbox%26settings%3DeyJpZCI6MzgzNywidXJsIjoiaHR0cHM6XC9cL2RzLmVkdS5zdlwvd3AtY29udGVudFwvdXBsb2Fkc1wvMjAyMlwvMTBcL0VzY2FsYWRhLXNjYWxlZC5qcGciLCJzbGlkZXNob3ciOiJhbGwtNWQwMTIzNyJ9\">\n\t\t\t\t\t<div class=\"e-gallery-image elementor-gallery-item__image\" data-thumbnail=\"https:\/\/ds.edu.sv\/wp-content\/uploads\/2022\/10\/Escalada-200x300.jpg\" data-width=\"200\" data-height=\"300\" alt=\"\" ><\/div>\n\t\t\t\t\t\t\t\t\t\t\t<div class=\"elementor-gallery-item__overlay\"><\/div>\n\t\t\t\t\t\t\t\t\t\t\t\t\t\t\t<div class=\"elementor-gallery-item__content\">\n\t\t\t\t\t\t\t\t\t\t\t\t\t\t<div class=\"elementor-gallery-item__title\">\n\t\t\t\t\t\t\t\t\t\t\t\t\t\t\t\t\t\tKletterwand\t\t\t\t\t\t\t\t<\/div>\n\t\t\t\t\t\t\t\t\t\t\t\t<\/div>\n\t\t\t\t\t\t\t\t\t<\/a>\n\t\t\t\t\t\t\t<a class=\"e-gallery-item elementor-gallery-item elementor-animated-content\" href=\"https:\/\/ds.edu.sv\/wp-content\/uploads\/2022\/10\/Salo\u0301n-de-mu\u0301sica-scaled.jpg\" data-elementor-open-lightbox=\"yes\" data-elementor-lightbox-slideshow=\"all-5d01237\" data-elementor-lightbox-title=\"Salo\u0301n de mu\u0301sica\" data-e-action-hash=\"#elementor-action%3Aaction%3Dlightbox%26settings%3DeyJpZCI6MzgyMCwidXJsIjoiaHR0cHM6XC9cL2RzLmVkdS5zdlwvd3AtY29udGVudFwvdXBsb2Fkc1wvMjAyMlwvMTBcL1NhbG9cdTAzMDFuLWRlLW11XHUwMzAxc2ljYS1zY2FsZWQuanBnIiwic2xpZGVzaG93IjoiYWxsLTVkMDEyMzcifQ%3D%3D\">\n\t\t\t\t\t<div class=\"e-gallery-image elementor-gallery-item__image\" data-thumbnail=\"https:\/\/ds.edu.sv\/wp-content\/uploads\/2022\/10\/Salo\u0301n-de-mu\u0301sica-300x146.jpg\" data-width=\"300\" data-height=\"146\" alt=\"\" ><\/div>\n\t\t\t\t\t\t\t\t\t\t\t<div class=\"elementor-gallery-item__overlay\"><\/div>\n\t\t\t\t\t\t\t\t\t\t\t\t\t\t\t<div class=\"elementor-gallery-item__content\">\n\t\t\t\t\t\t\t\t\t\t\t\t\t\t<div class=\"elementor-gallery-item__title\">\n\t\t\t\t\t\t\t\t\t\t\t\t\t\t\t\t\t\tMusikraum\t\t\t\t\t\t\t\t<\/div>\n\t\t\t\t\t\t\t\t\t\t\t\t<\/div>\n\t\t\t\t\t\t\t\t\t<\/a>\n\t\t\t\t\t\t\t<a class=\"e-gallery-item elementor-gallery-item elementor-animated-content\" href=\"https:\/\/ds.edu.sv\/wp-content\/uploads\/2022\/10\/Ki\u0301nder-zona-de-juegos-scaled.jpg\" data-elementor-open-lightbox=\"yes\" data-elementor-lightbox-slideshow=\"all-5d01237\" data-elementor-lightbox-title=\"Ki\u0301nder zona de juegos\" data-e-action-hash=\"#elementor-action%3Aaction%3Dlightbox%26settings%3DeyJpZCI6MzgxNywidXJsIjoiaHR0cHM6XC9cL2RzLmVkdS5zdlwvd3AtY29udGVudFwvdXBsb2Fkc1wvMjAyMlwvMTBcL0tpXHUwMzAxbmRlci16b25hLWRlLWp1ZWdvcy1zY2FsZWQuanBnIiwic2xpZGVzaG93IjoiYWxsLTVkMDEyMzcifQ%3D%3D\">\n\t\t\t\t\t<div class=\"e-gallery-image elementor-gallery-item__image\" data-thumbnail=\"https:\/\/ds.edu.sv\/wp-content\/uploads\/2022\/10\/Ki\u0301nder-zona-de-juegos-300x169.jpg\" data-width=\"300\" data-height=\"169\" alt=\"\" ><\/div>\n\t\t\t\t\t\t\t\t\t\t\t<div class=\"elementor-gallery-item__overlay\"><\/div>\n\t\t\t\t\t\t\t\t\t\t\t\t\t\t\t<div class=\"elementor-gallery-item__content\">\n\t\t\t\t\t\t\t\t\t\t\t\t\t\t<div class=\"elementor-gallery-item__title\">\n\t\t\t\t\t\t\t\t\t\t\t\t\t\t\t\t\t\tKindergaten Spielplatz\t\t\t\t\t\t\t\t<\/div>\n\t\t\t\t\t\t\t\t\t\t\t\t<\/div>\n\t\t\t\t\t\t\t\t\t<\/a>\n\t\t\t\t\t\t\t<a class=\"e-gallery-item elementor-gallery-item elementor-animated-content\" href=\"https:\/\/ds.edu.sv\/wp-content\/uploads\/2022\/10\/Biblioteca-scaled.jpg\" data-elementor-open-lightbox=\"yes\" data-elementor-lightbox-slideshow=\"all-5d01237\" data-elementor-lightbox-title=\"Biblioteca\" data-e-action-hash=\"#elementor-action%3Aaction%3Dlightbox%26settings%3DeyJpZCI6MzgzNiwidXJsIjoiaHR0cHM6XC9cL2RzLmVkdS5zdlwvd3AtY29udGVudFwvdXBsb2Fkc1wvMjAyMlwvMTBcL0JpYmxpb3RlY2Etc2NhbGVkLmpwZyIsInNsaWRlc2hvdyI6ImFsbC01ZDAxMjM3In0%3D\">\n\t\t\t\t\t<div class=\"e-gallery-image elementor-gallery-item__image\" data-thumbnail=\"https:\/\/ds.edu.sv\/wp-content\/uploads\/2022\/10\/Biblioteca-300x200.jpg\" data-width=\"300\" data-height=\"200\" alt=\"\" ><\/div>\n\t\t\t\t\t\t\t\t\t\t\t<div class=\"elementor-gallery-item__overlay\"><\/div>\n\t\t\t\t\t\t\t\t\t\t\t\t\t\t\t<div class=\"elementor-gallery-item__content\">\n\t\t\t\t\t\t\t\t\t\t\t\t\t\t<div class=\"elementor-gallery-item__title\">\n\t\t\t\t\t\t\t\t\t\t\t\t\t\t\t\t\t\tSchulbibliothek\t\t\t\t\t\t\t\t<\/div>\n\t\t\t\t\t\t\t\t\t\t\t\t<\/div>\n\t\t\t\t\t\t\t\t\t<\/a>\n\t\t\t\t\t\t\t<a class=\"e-gallery-item elementor-gallery-item elementor-animated-content\" href=\"https:\/\/ds.edu.sv\/wp-content\/uploads\/2022\/10\/Ki\u0301nder-scaled.jpg\" data-elementor-open-lightbox=\"yes\" data-elementor-lightbox-slideshow=\"all-5d01237\" data-elementor-lightbox-title=\"Ki\u0301nder\" data-e-action-hash=\"#elementor-action%3Aaction%3Dlightbox%26settings%3DeyJpZCI6MzgxOCwidXJsIjoiaHR0cHM6XC9cL2RzLmVkdS5zdlwvd3AtY29udGVudFwvdXBsb2Fkc1wvMjAyMlwvMTBcL0tpXHUwMzAxbmRlci1zY2FsZWQuanBnIiwic2xpZGVzaG93IjoiYWxsLTVkMDEyMzcifQ%3D%3D\">\n\t\t\t\t\t<div class=\"e-gallery-image elementor-gallery-item__image\" data-thumbnail=\"https:\/\/ds.edu.sv\/wp-content\/uploads\/2022\/10\/Ki\u0301nder-300x179.jpg\" data-width=\"300\" data-height=\"179\" alt=\"\" ><\/div>\n\t\t\t\t\t\t\t\t\t\t\t<div class=\"elementor-gallery-item__overlay\"><\/div>\n\t\t\t\t\t\t\t\t\t\t\t\t\t\t\t<div class=\"elementor-gallery-item__content\">\n\t\t\t\t\t\t\t\t\t\t\t\t\t\t<div class=\"elementor-gallery-item__title\">\n\t\t\t\t\t\t\t\t\t\t\t\t\t\t\t\t\t\tKinder\t\t\t\t\t\t\t\t<\/div>\n\t\t\t\t\t\t\t\t\t\t\t\t<\/div>\n\t\t\t\t\t\t\t\t\t<\/a>\n\t\t\t\t\t<\/div>\n\t\t\t\t\t<\/div>\n\t\t\t\t<\/div>\n\t\t\t\t\t<\/div>\n\t\t<\/div>\n\t\t\t\t\t<\/div>\n\t\t<\/section>\n\t\t\t\t<section class=\"elementor-section elementor-top-section elementor-element elementor-element-c759b7b elementor-section-boxed elementor-section-height-default elementor-section-height-default\" data-id=\"c759b7b\" data-element_type=\"section\" data-e-type=\"section\">\n\t\t\t\t\t\t<div class=\"elementor-container elementor-column-gap-default\">\n\t\t\t\t\t<div class=\"elementor-column elementor-col-100 elementor-top-column elementor-element elementor-element-51b9cbd\" data-id=\"51b9cbd\" data-element_type=\"column\" data-e-type=\"column\">\n\t\t\t<div class=\"elementor-widget-wrap elementor-element-populated\">\n\t\t\t\t\t\t<div class=\"elementor-element elementor-element-d2ee9a8 elementor-widget elementor-widget-spacer\" data-id=\"d2ee9a8\" data-element_type=\"widget\" data-e-type=\"widget\" data-widget_type=\"spacer.default\">\n\t\t\t\t<div class=\"elementor-widget-container\">\n\t\t\t\t\t\t\t<div class=\"elementor-spacer\">\n\t\t\t<div class=\"elementor-spacer-inner\"><\/div>\n\t\t<\/div>\n\t\t\t\t\t\t<\/div>\n\t\t\t\t<\/div>\n\t\t\t\t\t<\/div>\n\t\t<\/div>\n\t\t\t\t\t<\/div>\n\t\t<\/section>\n\t\t\t\t<\/div>","protected":false},"excerpt":{"rendered":"<p>Instalaciones Instalaciones La escuela cuenta con amplias instalaciones y zonas verdes, dentro de ellas encontrar\u00e1n: un campo de f\u00fatbol, cancha multiusos, piscina, gimnasio, biblioteca y cuatro laboratorios para asignaturas cient\u00edficas. [&hellip;]<\/p>","protected":false},"author":1,"featured_media":0,"parent":709,"menu_order":0,"comment_status":"closed","ping_status":"closed","template":"elementor_header_footer","meta":{"_acf_changed":false,"_monsterinsights_skip_tracking":false,"_monsterinsights_sitenote_active":false,"_monsterinsights_sitenote_note":"","_monsterinsights_sitenote_category":0,"_uf_show_specific_survey":0,"_uf_disable_surveys":false,"footnotes":""},"class_list":["post-1506","page","type-page","status-publish","hentry"],"acf":[],"_links":{"self":[{"href":"https:\/\/ds.edu.sv\/de\/wp-json\/wp\/v2\/pages\/1506","targetHints":{"allow":["GET"]}}],"collection":[{"href":"https:\/\/ds.edu.sv\/de\/wp-json\/wp\/v2\/pages"}],"about":[{"href":"https:\/\/ds.edu.sv\/de\/wp-json\/wp\/v2\/types\/page"}],"author":[{"embeddable":true,"href":"https:\/\/ds.edu.sv\/de\/wp-json\/wp\/v2\/users\/1"}],"replies":[{"embeddable":true,"href":"https:\/\/ds.edu.sv\/de\/wp-json\/wp\/v2\/comments?post=1506"}],"version-history":[{"count":95,"href":"https:\/\/ds.edu.sv\/de\/wp-json\/wp\/v2\/pages\/1506\/revisions"}],"predecessor-version":[{"id":3840,"href":"https:\/\/ds.edu.sv\/de\/wp-json\/wp\/v2\/pages\/1506\/revisions\/3840"}],"up":[{"embeddable":true,"href":"https:\/\/ds.edu.sv\/de\/wp-json\/wp\/v2\/pages\/709"}],"wp:attachment":[{"href":"https:\/\/ds.edu.sv\/de\/wp-json\/wp\/v2\/media?parent=1506"}],"curies":[{"name":"wp","href":"https:\/\/api.w.org\/{rel}","templated":true}]}}